{"id":1314,"date":"2016-09-29T10:02:22","date_gmt":"2016-09-29T10:02:22","guid":{"rendered":"https:\/\/zahnarzt-herth.it\/zahnarztpraxis-sterzing\/"},"modified":"2022-03-08T18:13:38","modified_gmt":"2022-03-08T17:13:38","slug":"studio-dentistico-vipiteno","status":"publish","type":"page","link":"https:\/\/zahnarzt-herth.it\/it\/studio-dentistico-vipiteno\/","title":{"rendered":"Studio dentistico Vipiteno"},"content":{"rendered":"<p>[vc_row full_width=&#8221;0&#8243; full_height=&#8221;0&#8243; row_padding=&#8221;no_bottom_padding&#8221; particles=&#8221;0&#8243; css=&#8221;.vc_custom_1639583218019{padding-top: -30px !important;padding-bottom: -30px !important;}&#8221;][vc_column margin=&#8221;margin_bottom_grid&#8221; offset=&#8221;vc_col-md-6&#8243;][vc_column_text]Grazie alla nostra telecamera intraorale ad alta risoluzione, siamo in grado di mostrarvi i vostri denti e gengive come li vediamo noi dentisti. Una piccola telecamera all\u2019avanguardia ci consente di mostrarvi in maniera precisa i risultati sullo schermo, consentendovi di seguire passo dopo passo i progressi della terapia.[\/vc_column_text][\/vc_column][vc_column offset=&#8221;vc_col-md-6&#8243;][vc_single_image image=&#8221;1478&#8243; img_size=&#8221;full&#8221; onclick=&#8221;link_image&#8221;][\/vc_column][\/vc_row][vc_row full_width=&#8221;0&#8243; full_height=&#8221;0&#8243; row_padding=&#8221;no_bottom_padding&#8221; particles=&#8221;0&#8243; css=&#8221;.vc_custom_1639583223018{padding-bottom: -30px !important;}&#8221;][vc_column margin=&#8221;margin_bottom_grid&#8221; offset=&#8221;vc_col-md-6&#8243;][vc_column_text]<strong>Scanner intraorale per protesi dentali perfette!<\/strong><br \/>\nNel nostro studio dentistico utilizziamo lo scanner intraorale TRIOS di 3shape per garantire il massimo comfort e la migliore assistenza possibile ai nostri pazienti. In pochi minuti con l\u2019ausilio di una piccola videocamera prendiamo l\u2019impronta digitale della vostra dentatura e del morso senza contatto e senza ricorrere alla tradizionale e scomoda impronta dentale.[\/vc_column_text][\/vc_column][vc_column offset=&#8221;vc_col-md-6&#8243;][vc_single_image image=&#8221;1480&#8243; img_size=&#8221;full&#8221; onclick=&#8221;link_image&#8221;][\/vc_column][\/vc_row][vc_row full_width=&#8221;0&#8243; full_height=&#8221;0&#8243; row_padding=&#8221;no_bottom_padding&#8221; particles=&#8221;0&#8243;][vc_column margin=&#8221;margin_bottom_grid&#8221; offset=&#8221;vc_col-md-6&#8243;][vc_column_text]<strong>Immagini precise a bassa emissione di radiazioni e pi\u00f9 rispettose dell\u2019ambiente<\/strong><br \/>\nIl nostro studio dentistico si avvale di una tecnologia digitale a raggi X di ultima generazione. La tomografia volumetrica digitale \u00e8 attualmente la tecnica di imaging pi\u00f9 moderna e a bassa emissione di radiazioni per la diagnostica in ambito odontoiatrico per ci\u00f2 che concerne i denti, l\u2019osso alveolare e le articolazioni temporomandibolari. Immagini di alta qualit\u00e0 sono essenziali per una diagnosi precisa e una pianificazione appropriata della terapia: Una pianificazione ottimale dell\u2019impianto \u00e8 possibile anche in casi molto complessi.[\/vc_column_text][\/vc_column][vc_column offset=&#8221;vc_col-md-6&#8243;][vc_single_image image=&#8221;1482&#8243; img_size=&#8221;full&#8221; onclick=&#8221;link_image&#8221;][\/vc_column][vc_column][vc_empty_space height=&#8221;12px&#8221;]<div class=\"plethora_button wpb_content_element   text-center \">\n    <a href=\"https:\/\/zahnarzt-herth.it\/it\/team\/\" debug class=\" btn btn-primary  \" title=\"Il nostro team\"  target=\"_self\">\n\n        \n        VI PRESENTIAMO IL NOSTRO TEAM\n        \n\n    <\/a>\n<\/div>[vc_empty_space][\/vc_column][\/vc_row][vc_row color_set=&#8221;skincolored_section&#8221; full_width=&#8221;0&#8243; full_height=&#8221;0&#8243; row_padding=&#8221;no_padding&#8221; sep_top=&#8221;separator_top sep_angled_negative_top&#8221; particles=&#8221;0&#8243;][vc_column][vc_empty_space height=&#8221;24px&#8221;][vc_single_image image=&#8221;77&#8243; alignment=&#8221;center&#8221;]<div class=\"section_header subtitle_bottom   fancy text-center\">\n\n    <h2 style=\"text-align: center;\">Avete domande?<br \/>\nSiamo qui per Voi<\/h2>\n\n\n        <p >Non esitate a contattarci o a chiamarci senza impegno.<br \/>\nI nostri collaboratori saranno lieti di fissare un appuntamento per voi<\/p>\n<\/div><div class=\"plethora_button wpb_content_element   text-center \">\n    <a href=\"https:\/\/zahnarzt-herth.it\/it\/appuntamento\/\" debug class=\" btn btn-warning  \" title=\"Fissare un appuntamento\"  target=\"_self\">\n\n        \n        PER RICHIEDERE UN APPUNTAMENTO\n        \n\n    <\/a>\n<\/div>[vc_empty_space height=&#8221;24px&#8221;][\/vc_column][\/vc_row]<\/p>\n","protected":false},"excerpt":{"rendered":"<p>[vc_row full_width=&#8221;0&#8243; full_height=&#8221;0&#8243; row_padding=&#8221;no_bottom_padding&#8221; particles=&#8221;0&#8243; css=&#8221;.vc_custom_1639583218019{padding-top: -30px !important;padding-bottom: -30px !important;}&#8221;][vc_column margin=&#8221;margin_bottom_grid&#8221; offset=&#8221;vc_col-md-6&#8243;][vc_column_text]Grazie alla nostra telecamera intraorale ad alta risoluzione, siamo in grado di mostrarvi i vostri denti e gengive come li vediamo noi dentisti. Una piccola telecamera all\u2019avanguardia ci consente di mostrarvi in maniera precisa i risultati sullo schermo, consentendovi di seguire passo dopo passo [&hellip;]<\/p>\n","protected":false},"author":1,"featured_media":1446,"parent":0,"menu_order":0,"comment_status":"closed","ping_status":"closed","template":"","meta":[],"yoast_head":"<!-- This site is optimized with the Yoast SEO plugin v20.7 - https:\/\/yoast.com\/wordpress\/plugins\/seo\/ -->\n<title>Studio dentistico Vipiteno | Studio Dentistico Dr. med. dent. Daniel Herth<\/title>\n<meta name=\"description\" content=\"Zahnarztpraxis Sterzing: Einige Impressionen unserer Arbeitsr\u00e4ume. Mit unserer hochaufl\u00f6senden, intraoralen Kamera zeigen wir Ihnen Ihre Z\u00e4hne und Ihr Zahnfleisch aus der Perspektive wie wir Zahn\u00e4rzte sie sehen.\" \/>\n<meta name=\"robots\" content=\"index, follow, max-snippet:-1, max-image-preview:large, max-video-preview:-1\" \/>\n<link rel=\"canonical\" href=\"https:\/\/zahnarzt-herth.it\/it\/studio-dentistico-vipiteno\/\" \/>\n<meta property=\"og:locale\" content=\"it_IT\" \/>\n<meta property=\"og:type\" content=\"article\" \/>\n<meta property=\"og:title\" content=\"Studio dentistico Vipiteno | Studio Dentistico Dr. med. dent. Daniel Herth\" \/>\n<meta property=\"og:description\" content=\"Zahnarztpraxis Sterzing: Einige Impressionen unserer Arbeitsr\u00e4ume. Mit unserer hochaufl\u00f6senden, intraoralen Kamera zeigen wir Ihnen Ihre Z\u00e4hne und Ihr Zahnfleisch aus der Perspektive wie wir Zahn\u00e4rzte sie sehen.\" \/>\n<meta property=\"og:url\" content=\"https:\/\/zahnarzt-herth.it\/it\/studio-dentistico-vipiteno\/\" \/>\n<meta property=\"og:site_name\" content=\"Studio Dentistico Dr. med. dent. Daniel Herth\" \/>\n<meta property=\"article:modified_time\" content=\"2022-03-08T17:13:38+00:00\" \/>\n<meta property=\"og:image\" content=\"https:\/\/zahnarzt-herth.it\/wp-content\/uploads\/2022\/03\/praxis-header.jpg\" \/>\n\t<meta property=\"og:image:width\" content=\"1440\" \/>\n\t<meta property=\"og:image:height\" content=\"400\" \/>\n\t<meta property=\"og:image:type\" content=\"image\/jpeg\" \/>\n<meta name=\"twitter:card\" content=\"summary_large_image\" \/>\n<meta name=\"twitter:label1\" content=\"Tempo di lettura stimato\" \/>\n\t<meta name=\"twitter:data1\" content=\"3 minuti\" \/>\n<script type=\"application\/ld+json\" class=\"yoast-schema-graph\">{\"@context\":\"https:\/\/schema.org\",\"@graph\":[{\"@type\":\"WebPage\",\"@id\":\"https:\/\/zahnarzt-herth.it\/it\/studio-dentistico-vipiteno\/\",\"url\":\"https:\/\/zahnarzt-herth.it\/it\/studio-dentistico-vipiteno\/\",\"name\":\"Studio dentistico Vipiteno | Studio Dentistico Dr. med. dent. Daniel Herth\",\"isPartOf\":{\"@id\":\"https:\/\/zahnarzt-herth.it\/it\/#website\"},\"datePublished\":\"2016-09-29T10:02:22+00:00\",\"dateModified\":\"2022-03-08T17:13:38+00:00\",\"description\":\"Zahnarztpraxis Sterzing: Einige Impressionen unserer Arbeitsr\u00e4ume. Mit unserer hochaufl\u00f6senden, intraoralen Kamera zeigen wir Ihnen Ihre Z\u00e4hne und Ihr Zahnfleisch aus der Perspektive wie wir Zahn\u00e4rzte sie sehen.\",\"breadcrumb\":{\"@id\":\"https:\/\/zahnarzt-herth.it\/it\/studio-dentistico-vipiteno\/#breadcrumb\"},\"inLanguage\":\"it-IT\",\"potentialAction\":[{\"@type\":\"ReadAction\",\"target\":[\"https:\/\/zahnarzt-herth.it\/it\/studio-dentistico-vipiteno\/\"]}]},{\"@type\":\"BreadcrumbList\",\"@id\":\"https:\/\/zahnarzt-herth.it\/it\/studio-dentistico-vipiteno\/#breadcrumb\",\"itemListElement\":[{\"@type\":\"ListItem\",\"position\":1,\"name\":\"Startseite\",\"item\":\"https:\/\/zahnarzt-herth.it\/it\/\"},{\"@type\":\"ListItem\",\"position\":2,\"name\":\"Studio dentistico Vipiteno\"}]},{\"@type\":\"WebSite\",\"@id\":\"https:\/\/zahnarzt-herth.it\/it\/#website\",\"url\":\"https:\/\/zahnarzt-herth.it\/it\/\",\"name\":\"Studio Dentistico Dr. med. dent. Daniel Herth\",\"description\":\"Vipiteno, City Center\",\"publisher\":{\"@id\":\"https:\/\/zahnarzt-herth.it\/it\/#organization\"},\"potentialAction\":[{\"@type\":\"SearchAction\",\"target\":{\"@type\":\"EntryPoint\",\"urlTemplate\":\"https:\/\/zahnarzt-herth.it\/it\/?s={search_term_string}\"},\"query-input\":\"required name=search_term_string\"}],\"inLanguage\":\"it-IT\"},{\"@type\":\"Organization\",\"@id\":\"https:\/\/zahnarzt-herth.it\/it\/#organization\",\"name\":\"Zahnarztpraxis Dr. med. dent. Daniel Herth\",\"url\":\"https:\/\/zahnarzt-herth.it\/it\/\",\"logo\":{\"@type\":\"ImageObject\",\"inLanguage\":\"it-IT\",\"@id\":\"https:\/\/zahnarzt-herth.it\/it\/#\/schema\/logo\/image\/\",\"url\":\"https:\/\/zahnarzt-herth.it\/wp-content\/uploads\/2021\/11\/logo@2x_herth.png\",\"contentUrl\":\"https:\/\/zahnarzt-herth.it\/wp-content\/uploads\/2021\/11\/logo@2x_herth.png\",\"width\":549,\"height\":150,\"caption\":\"Zahnarztpraxis Dr. med. dent. Daniel Herth\"},\"image\":{\"@id\":\"https:\/\/zahnarzt-herth.it\/it\/#\/schema\/logo\/image\/\"}}]}<\/script>\n<!-- \/ Yoast SEO plugin. -->","yoast_head_json":{"title":"Studio dentistico Vipiteno | Studio Dentistico Dr. med. dent. Daniel Herth","description":"Zahnarztpraxis Sterzing: Einige Impressionen unserer Arbeitsr\u00e4ume. Mit unserer hochaufl\u00f6senden, intraoralen Kamera zeigen wir Ihnen Ihre Z\u00e4hne und Ihr Zahnfleisch aus der Perspektive wie wir Zahn\u00e4rzte sie sehen.","robots":{"index":"index","follow":"follow","max-snippet":"max-snippet:-1","max-image-preview":"max-image-preview:large","max-video-preview":"max-video-preview:-1"},"canonical":"https:\/\/zahnarzt-herth.it\/it\/studio-dentistico-vipiteno\/","og_locale":"it_IT","og_type":"article","og_title":"Studio dentistico Vipiteno | Studio Dentistico Dr. med. dent. Daniel Herth","og_description":"Zahnarztpraxis Sterzing: Einige Impressionen unserer Arbeitsr\u00e4ume. Mit unserer hochaufl\u00f6senden, intraoralen Kamera zeigen wir Ihnen Ihre Z\u00e4hne und Ihr Zahnfleisch aus der Perspektive wie wir Zahn\u00e4rzte sie sehen.","og_url":"https:\/\/zahnarzt-herth.it\/it\/studio-dentistico-vipiteno\/","og_site_name":"Studio Dentistico Dr. med. dent. Daniel Herth","article_modified_time":"2022-03-08T17:13:38+00:00","og_image":[{"width":1440,"height":400,"url":"https:\/\/zahnarzt-herth.it\/wp-content\/uploads\/2022\/03\/praxis-header.jpg","type":"image\/jpeg"}],"twitter_card":"summary_large_image","twitter_misc":{"Tempo di lettura stimato":"3 minuti"},"schema":{"@context":"https:\/\/schema.org","@graph":[{"@type":"WebPage","@id":"https:\/\/zahnarzt-herth.it\/it\/studio-dentistico-vipiteno\/","url":"https:\/\/zahnarzt-herth.it\/it\/studio-dentistico-vipiteno\/","name":"Studio dentistico Vipiteno | Studio Dentistico Dr. med. dent. Daniel Herth","isPartOf":{"@id":"https:\/\/zahnarzt-herth.it\/it\/#website"},"datePublished":"2016-09-29T10:02:22+00:00","dateModified":"2022-03-08T17:13:38+00:00","description":"Zahnarztpraxis Sterzing: Einige Impressionen unserer Arbeitsr\u00e4ume. Mit unserer hochaufl\u00f6senden, intraoralen Kamera zeigen wir Ihnen Ihre Z\u00e4hne und Ihr Zahnfleisch aus der Perspektive wie wir Zahn\u00e4rzte sie sehen.","breadcrumb":{"@id":"https:\/\/zahnarzt-herth.it\/it\/studio-dentistico-vipiteno\/#breadcrumb"},"inLanguage":"it-IT","potentialAction":[{"@type":"ReadAction","target":["https:\/\/zahnarzt-herth.it\/it\/studio-dentistico-vipiteno\/"]}]},{"@type":"BreadcrumbList","@id":"https:\/\/zahnarzt-herth.it\/it\/studio-dentistico-vipiteno\/#breadcrumb","itemListElement":[{"@type":"ListItem","position":1,"name":"Startseite","item":"https:\/\/zahnarzt-herth.it\/it\/"},{"@type":"ListItem","position":2,"name":"Studio dentistico Vipiteno"}]},{"@type":"WebSite","@id":"https:\/\/zahnarzt-herth.it\/it\/#website","url":"https:\/\/zahnarzt-herth.it\/it\/","name":"Studio Dentistico Dr. med. dent. Daniel Herth","description":"Vipiteno, City Center","publisher":{"@id":"https:\/\/zahnarzt-herth.it\/it\/#organization"},"potentialAction":[{"@type":"SearchAction","target":{"@type":"EntryPoint","urlTemplate":"https:\/\/zahnarzt-herth.it\/it\/?s={search_term_string}"},"query-input":"required name=search_term_string"}],"inLanguage":"it-IT"},{"@type":"Organization","@id":"https:\/\/zahnarzt-herth.it\/it\/#organization","name":"Zahnarztpraxis Dr. med. dent. Daniel Herth","url":"https:\/\/zahnarzt-herth.it\/it\/","logo":{"@type":"ImageObject","inLanguage":"it-IT","@id":"https:\/\/zahnarzt-herth.it\/it\/#\/schema\/logo\/image\/","url":"https:\/\/zahnarzt-herth.it\/wp-content\/uploads\/2021\/11\/logo@2x_herth.png","contentUrl":"https:\/\/zahnarzt-herth.it\/wp-content\/uploads\/2021\/11\/logo@2x_herth.png","width":549,"height":150,"caption":"Zahnarztpraxis Dr. med. dent. Daniel Herth"},"image":{"@id":"https:\/\/zahnarzt-herth.it\/it\/#\/schema\/logo\/image\/"}}]}},"_links":{"self":[{"href":"https:\/\/zahnarzt-herth.it\/it\/wp-json\/wp\/v2\/pages\/1314"}],"collection":[{"href":"https:\/\/zahnarzt-herth.it\/it\/wp-json\/wp\/v2\/pages"}],"about":[{"href":"https:\/\/zahnarzt-herth.it\/it\/wp-json\/wp\/v2\/types\/page"}],"author":[{"embeddable":true,"href":"https:\/\/zahnarzt-herth.it\/it\/wp-json\/wp\/v2\/users\/1"}],"replies":[{"embeddable":true,"href":"https:\/\/zahnarzt-herth.it\/it\/wp-json\/wp\/v2\/comments?post=1314"}],"version-history":[{"count":5,"href":"https:\/\/zahnarzt-herth.it\/it\/wp-json\/wp\/v2\/pages\/1314\/revisions"}],"predecessor-version":[{"id":1484,"href":"https:\/\/zahnarzt-herth.it\/it\/wp-json\/wp\/v2\/pages\/1314\/revisions\/1484"}],"wp:featuredmedia":[{"embeddable":true,"href":"https:\/\/zahnarzt-herth.it\/it\/wp-json\/wp\/v2\/media\/1446"}],"wp:attachment":[{"href":"https:\/\/zahnarzt-herth.it\/it\/wp-json\/wp\/v2\/media?parent=1314"}],"curies":[{"name":"wp","href":"https:\/\/api.w.org\/{rel}","templated":true}]}}