{"id":1298,"date":"2021-12-03T16:24:37","date_gmt":"2021-12-03T15:24:37","guid":{"rendered":"https:\/\/zahnarzt-herth.it\/servizi\/zahnerhaltung\/"},"modified":"2022-03-08T18:18:30","modified_gmt":"2022-03-08T17:18:30","slug":"ricostruzione-dentale","status":"publish","type":"page","link":"https:\/\/zahnarzt-herth.it\/it\/servizi\/ricostruzione-dentale\/","title":{"rendered":"Ricostruzione dentale"},"content":{"rendered":"<p>[vc_row full_width=&#8221;0&#8243; full_height=&#8221;0&#8243; row_padding=&#8221;no_padding&#8221; particles=&#8221;0&#8243; css=&#8221;.vc_custom_1638545047094{padding-top: 64px !important;}&#8221; el_id=&#8221;wellbaby&#8221;][vc_column][vc_empty_space][\/vc_column][vc_column el_class=&#8221;col-md-push-6&#8243; margin=&#8221;margin_bottom_grid&#8221; offset=&#8221;vc_col-md-6&#8243;]<div class=\"pl_fixed_ratio_media   vc_custom_1646759909483\">\n    <div class=\"stretchy_wrapper ratio_16-9   bg_vcenter\" style=\"background-image: url('https:\/\/zahnarzt-herth.it\/wp-content\/uploads\/2022\/03\/fuellungen.png');\">\n      <img alt=\"\" src=\"https:\/\/zahnarzt-herth.it\/wp-content\/uploads\/2022\/03\/fuellungen.png\">\n    <\/div>\n\n<\/div>[\/vc_column][vc_column el_class=&#8221;col-md-pull-6&#8243; offset=&#8221;vc_col-md-6&#8243;]<div class=\"section_header subtitle_bottom   fancy text-left\">\n\n    <h3>Otturazioni<\/h3>\n\n\n        <p >Un classico<\/p>\n<\/div>[vc_column_text]<\/p>\n<p style=\"margin: 0cm; margin-bottom: .0001pt;\"><span lang=\"IT\">Lesioni cariose di piccola o media entit\u00e0 possono essere trattate in maniera ottimale con un\u2019otturazione. Oggi, come materiali da otturazione, si usano resine di alta qualit\u00e0 estetica, i compositi, inseriti nel dente con una tecnica a stratificazione. A stento \u00e8 possibile distinguerli dallo smalto dentale vero e proprio. Sono caratterizzati da un\u2019alta resilienza e da una lunga durata. Grazie alla terapia conservativa mediante otturazione siamo in grado di preservare i vostri denti nella loro forma e funzione sino all\u2019et\u00e0 avanzata senza doverli sostituire.<\/span><\/p>\n<p>[\/vc_column_text][\/vc_column][\/vc_row][vc_row full_width=&#8221;0&#8243; full_height=&#8221;0&#8243; row_padding=&#8221;no_padding&#8221; particles=&#8221;0&#8243; css=&#8221;.vc_custom_1638544934431{padding-top: 64px !important;padding-bottom: 64px !important;}&#8221; el_id=&#8221;kinderzahnheilkunde&#8221;][vc_column margin=&#8221;margin_bottom_grid&#8221; offset=&#8221;vc_col-md-6&#8243;]<div class=\"pl_fixed_ratio_media   vc_custom_1639680785378\">\n    <div class=\"stretchy_wrapper ratio_16-9   bg_vcenter\" style=\"background-image: url('https:\/\/zahnarzt-herth.it\/wp-content\/uploads\/2021\/12\/kariesinfiltration.png');\">\n      <img alt=\"\" src=\"https:\/\/zahnarzt-herth.it\/wp-content\/uploads\/2021\/12\/kariesinfiltration.png\">\n    <\/div>\n\n<\/div>[\/vc_column][vc_column offset=&#8221;vc_col-md-6&#8243;]<div class=\"section_header subtitle_bottom   fancy text-left\">\n\n    <h3>Infiltrazione della carie con Icon<\/h3>\n\n\n        <p >Agire prima, conservare pi\u00f9 a lungo<\/p>\n<\/div>[vc_column_text]<\/p>\n<p style=\"margin: 0cm; margin-bottom: .0001pt;\"><span lang=\"IT\">In caso di carie allo stadio iniziale, offriamo una innovativa opzione terapeutica: la cosiddetta \u201cinfiltrazione della carie\u201d. Invece di asportare i tessuti duri cariati in una fase iniziale e di effettuare la chiusura della cavit\u00e0 residua con un\u2019otturazione convenzionale, l\u2019area demineralizzata viene infiltrata con una resina estremamente fluida, senza trapanare. L\u2019infiltrante penetra in profondit\u00e0 nella porosit\u00e0 dello smalto, bloccando tempestivamente lo sviluppo della carie incipiente.<\/span><\/p>\n<p>[\/vc_column_text][\/vc_column][\/vc_row][vc_row full_width=&#8221;0&#8243; full_height=&#8221;0&#8243; row_padding=&#8221;no_padding&#8221; particles=&#8221;0&#8243; css=&#8221;.vc_custom_1638545052581{padding-top: 64px !important;padding-bottom: 64px !important;}&#8221; el_id=&#8221;allergies&#8221;][vc_column el_class=&#8221;col-md-push-6&#8243; margin=&#8221;margin_bottom_grid&#8221; offset=&#8221;vc_col-md-6&#8243;]<div class=\"pl_fixed_ratio_media   vc_custom_1639506058120\">\n    <div class=\"stretchy_wrapper ratio_16-9   bg_vcenter\" style=\"background-image: url('https:\/\/zahnarzt-herth.it\/wp-content\/uploads\/2021\/12\/wurzelbehandlung-sterzing.png');\">\n      <img alt=\"\" src=\"https:\/\/zahnarzt-herth.it\/wp-content\/uploads\/2021\/12\/wurzelbehandlung-sterzing.png\">\n    <\/div>\n\n<\/div>[\/vc_column][vc_column el_class=&#8221;col-md-pull-6&#8243; offset=&#8221;vc_col-md-6&#8243;]<div class=\"section_header subtitle_bottom   fancy text-left\">\n\n    <h3>Trattamento del canale radicolare<\/h3>\n\n\n        <p >Non abbiamo paura di toccare un nervo scoperto<\/p>\n<\/div>[vc_column_text]<\/p>\n<p style=\"margin: 0cm; margin-bottom: .0001pt;\"><span lang=\"IT\">Il nostro obiettivo primario \u00e8 quello di preservare i vostri denti. Se il nervo del dente \u00e8 irreversibilmente danneggiato o infiammato a causa di una carie estesa, \u00e8 possibile preservare il dente mediante una moderna terapia canalare. Con l\u2019aiuto di sistemi meccanici altamente flessibili, puliamo i canali radicolari infetti e li prepariamo con molta precisione. Per un risultato ottimale, utilizziamo un dispositivo di misurazione elettrometrica della lunghezza. Dopo un\u2019attenta detersione e preparazione delle pareti canalari effettuiamo una otturazione ermetica del canali radicolari con una massa termoplastica.<\/span><\/p>\n<p>[\/vc_column_text][\/vc_column][\/vc_row][vc_row full_width=&#8221;0&#8243; full_height=&#8221;0&#8243; row_padding=&#8221;no_padding&#8221; particles=&#8221;0&#8243; css=&#8221;.vc_custom_1638544934431{padding-top: 64px !important;padding-bottom: 64px !important;}&#8221;][vc_column margin=&#8221;margin_bottom_grid&#8221; offset=&#8221;vc_col-md-6&#8243;]<div class=\"pl_fixed_ratio_media   vc_custom_1639506270752\">\n    <div class=\"stretchy_wrapper ratio_16-9   bg_vcenter\" style=\"background-image: url('https:\/\/zahnarzt-herth.it\/wp-content\/uploads\/2021\/12\/paradontitis.png');\">\n      <img alt=\"\" src=\"https:\/\/zahnarzt-herth.it\/wp-content\/uploads\/2021\/12\/paradontitis.png\">\n    <\/div>\n\n<\/div>[\/vc_column][vc_column offset=&#8221;vc_col-md-6&#8243;]<div class=\"section_header subtitle_bottom   fancy text-left\">\n\n    <h3>Parodontologia<\/h3>\n\n\n        <p >Denti belli solo con gengive sane<\/p>\n<\/div>[vc_column_text]<\/p>\n<p style=\"margin: 0cm; margin-bottom: .0001pt;\"><span lang=\"IT\">La parodontite \u00e8 una patologia a carico del parodonto (gengive e ossa mascellari). Le infezioni che colpiscono le gengive sono perlopi\u00f9 indolori a uno stadio iniziale, ed \u00e8 per questo che vengono notate dal paziente solo in una fase tardiva. A cominciare da fenomeni quali il sanguinamento della gengiva, la formazione di tasche gengivali e la recessione gengivale, la parodontite pu\u00f2 portare all\u2019allentamento e infine alla caduta dei denti a causa della continua perdita ossea dentale. Per prevenire la perdita ossea e assicurare la conservazione dei denti, sono essenziali una diagnosi precoce e il trattamento della parodontite. Raccomandiamo pertanto controlli regolari e pulizie dentali professionali. Per contrastare efficacemente la recessione dell\u2019osso mascellare, il nostro obiettivo \u00e8 quello di eliminare l\u2019infiammazione mediante un trattamento indolore e delicato.<\/span><\/p>\n<p>[\/vc_column_text][\/vc_column][\/vc_row][vc_row color_set=&#8221;skincolored_section&#8221; full_width=&#8221;0&#8243; full_height=&#8221;0&#8243; row_padding=&#8221;no_padding&#8221; sep_top=&#8221;separator_top sep_angled_negative_top&#8221; particles=&#8221;0&#8243;][vc_column][vc_empty_space height=&#8221;64px&#8221;]<div class=\"section_header subtitle_bottom   fancy text-center\">\n\n    <h2 style=\"text-align: center;\">\u00c8 ora di prendersi cura dei propri denti!<br \/>\nSiamo a tuo fianco<\/h2>\n\n\n        <p >Vi invitiamo a prenotare il vostro appuntamento allo (+39) 0472 694971 o a informarvi online.<\/p>\n<\/div><div class=\"plethora_button wpb_content_element   text-center \">\n    <a href=\"https:\/\/zahnarzt-herth.it\/it\/appuntamento\/\" debug class=\" btn btn-warning  \" title=\"PRENDERE APPUNTAMENTO\"  target=\"_self\">\n\n        \n        PRENDERE APPUNTAMENTO\n        \n\n    <\/a>\n<\/div>[vc_empty_space][\/vc_column][\/vc_row]<\/p>\n","protected":false},"excerpt":{"rendered":"<p>[vc_row full_width=&#8221;0&#8243; full_height=&#8221;0&#8243; row_padding=&#8221;no_padding&#8221; particles=&#8221;0&#8243; css=&#8221;.vc_custom_1638545047094{padding-top: 64px !important;}&#8221; el_id=&#8221;wellbaby&#8221;][vc_column][vc_empty_space][\/vc_column][vc_column el_class=&#8221;col-md-push-6&#8243; margin=&#8221;margin_bottom_grid&#8221; offset=&#8221;vc_col-md-6&#8243;][\/vc_column][vc_column el_class=&#8221;col-md-pull-6&#8243; offset=&#8221;vc_col-md-6&#8243;][vc_column_text] Lesioni cariose di piccola o media entit\u00e0 possono essere trattate in maniera ottimale con un\u2019otturazione. Oggi, come materiali da otturazione, si usano resine di alta qualit\u00e0 estetica, i compositi, inseriti nel dente con una tecnica a stratificazione. A stento \u00e8 possibile [&hellip;]<\/p>\n","protected":false},"author":1,"featured_media":1073,"parent":1270,"menu_order":0,"comment_status":"closed","ping_status":"closed","template":"","meta":[],"yoast_head":"<!-- This site is optimized with the Yoast SEO plugin v20.7 - https:\/\/yoast.com\/wordpress\/plugins\/seo\/ -->\n<title>Ricostruzione dentale | Studio Dentistico Dr. med. dent. Daniel Herth<\/title>\n<meta name=\"description\" content=\"Zahnerhaltung: Kein Ersatz ist besser als Ihr eigener nat\u00fcrlicher Zahn! Zahnf\u00fcllungen, Kariesinfiltration mit Icon, Wurzelkanalbehandlung und die Parodontologie.\" \/>\n<meta name=\"robots\" content=\"index, follow, max-snippet:-1, max-image-preview:large, max-video-preview:-1\" \/>\n<link rel=\"canonical\" href=\"https:\/\/zahnarzt-herth.it\/it\/servizi\/ricostruzione-dentale\/\" \/>\n<meta property=\"og:locale\" content=\"it_IT\" \/>\n<meta property=\"og:type\" content=\"article\" \/>\n<meta property=\"og:title\" content=\"Ricostruzione dentale | Studio Dentistico Dr. med. dent. Daniel Herth\" \/>\n<meta property=\"og:description\" content=\"Zahnerhaltung: Kein Ersatz ist besser als Ihr eigener nat\u00fcrlicher Zahn! Zahnf\u00fcllungen, Kariesinfiltration mit Icon, Wurzelkanalbehandlung und die Parodontologie.\" \/>\n<meta property=\"og:url\" content=\"https:\/\/zahnarzt-herth.it\/it\/servizi\/ricostruzione-dentale\/\" \/>\n<meta property=\"og:site_name\" content=\"Studio Dentistico Dr. med. dent. Daniel Herth\" \/>\n<meta property=\"article:modified_time\" content=\"2022-03-08T17:18:30+00:00\" \/>\n<meta property=\"og:image\" content=\"https:\/\/zahnarzt-herth.it\/wp-content\/uploads\/2021\/12\/dentista-vipiteno.jpg\" \/>\n\t<meta property=\"og:image:width\" content=\"1440\" \/>\n\t<meta property=\"og:image:height\" content=\"400\" \/>\n\t<meta property=\"og:image:type\" content=\"image\/jpeg\" \/>\n<meta name=\"twitter:card\" content=\"summary_large_image\" \/>\n<meta name=\"twitter:label1\" content=\"Tempo di lettura stimato\" \/>\n\t<meta name=\"twitter:data1\" content=\"4 minuti\" \/>\n<script type=\"application\/ld+json\" class=\"yoast-schema-graph\">{\"@context\":\"https:\/\/schema.org\",\"@graph\":[{\"@type\":\"WebPage\",\"@id\":\"https:\/\/zahnarzt-herth.it\/it\/servizi\/ricostruzione-dentale\/\",\"url\":\"https:\/\/zahnarzt-herth.it\/it\/servizi\/ricostruzione-dentale\/\",\"name\":\"Ricostruzione dentale | Studio Dentistico Dr. med. dent. Daniel Herth\",\"isPartOf\":{\"@id\":\"https:\/\/zahnarzt-herth.it\/it\/#website\"},\"datePublished\":\"2021-12-03T15:24:37+00:00\",\"dateModified\":\"2022-03-08T17:18:30+00:00\",\"description\":\"Zahnerhaltung: Kein Ersatz ist besser als Ihr eigener nat\u00fcrlicher Zahn! Zahnf\u00fcllungen, Kariesinfiltration mit Icon, Wurzelkanalbehandlung und die Parodontologie.\",\"breadcrumb\":{\"@id\":\"https:\/\/zahnarzt-herth.it\/it\/servizi\/ricostruzione-dentale\/#breadcrumb\"},\"inLanguage\":\"it-IT\",\"potentialAction\":[{\"@type\":\"ReadAction\",\"target\":[\"https:\/\/zahnarzt-herth.it\/it\/servizi\/ricostruzione-dentale\/\"]}]},{\"@type\":\"BreadcrumbList\",\"@id\":\"https:\/\/zahnarzt-herth.it\/it\/servizi\/ricostruzione-dentale\/#breadcrumb\",\"itemListElement\":[{\"@type\":\"ListItem\",\"position\":1,\"name\":\"Startseite\",\"item\":\"https:\/\/zahnarzt-herth.it\/it\/\"},{\"@type\":\"ListItem\",\"position\":2,\"name\":\"Servizi\",\"item\":\"https:\/\/zahnarzt-herth.it\/it\/servizi\/\"},{\"@type\":\"ListItem\",\"position\":3,\"name\":\"Ricostruzione dentale\"}]},{\"@type\":\"WebSite\",\"@id\":\"https:\/\/zahnarzt-herth.it\/it\/#website\",\"url\":\"https:\/\/zahnarzt-herth.it\/it\/\",\"name\":\"Studio Dentistico Dr. med. dent. Daniel Herth\",\"description\":\"Vipiteno, City Center\",\"publisher\":{\"@id\":\"https:\/\/zahnarzt-herth.it\/it\/#organization\"},\"potentialAction\":[{\"@type\":\"SearchAction\",\"target\":{\"@type\":\"EntryPoint\",\"urlTemplate\":\"https:\/\/zahnarzt-herth.it\/it\/?s={search_term_string}\"},\"query-input\":\"required name=search_term_string\"}],\"inLanguage\":\"it-IT\"},{\"@type\":\"Organization\",\"@id\":\"https:\/\/zahnarzt-herth.it\/it\/#organization\",\"name\":\"Zahnarztpraxis Dr. med. dent. Daniel Herth\",\"url\":\"https:\/\/zahnarzt-herth.it\/it\/\",\"logo\":{\"@type\":\"ImageObject\",\"inLanguage\":\"it-IT\",\"@id\":\"https:\/\/zahnarzt-herth.it\/it\/#\/schema\/logo\/image\/\",\"url\":\"https:\/\/zahnarzt-herth.it\/wp-content\/uploads\/2021\/11\/logo@2x_herth.png\",\"contentUrl\":\"https:\/\/zahnarzt-herth.it\/wp-content\/uploads\/2021\/11\/logo@2x_herth.png\",\"width\":549,\"height\":150,\"caption\":\"Zahnarztpraxis Dr. med. dent. Daniel Herth\"},\"image\":{\"@id\":\"https:\/\/zahnarzt-herth.it\/it\/#\/schema\/logo\/image\/\"}}]}<\/script>\n<!-- \/ Yoast SEO plugin. -->","yoast_head_json":{"title":"Ricostruzione dentale | Studio Dentistico Dr. med. dent. Daniel Herth","description":"Zahnerhaltung: Kein Ersatz ist besser als Ihr eigener nat\u00fcrlicher Zahn! Zahnf\u00fcllungen, Kariesinfiltration mit Icon, Wurzelkanalbehandlung und die Parodontologie.","robots":{"index":"index","follow":"follow","max-snippet":"max-snippet:-1","max-image-preview":"max-image-preview:large","max-video-preview":"max-video-preview:-1"},"canonical":"https:\/\/zahnarzt-herth.it\/it\/servizi\/ricostruzione-dentale\/","og_locale":"it_IT","og_type":"article","og_title":"Ricostruzione dentale | Studio Dentistico Dr. med. dent. Daniel Herth","og_description":"Zahnerhaltung: Kein Ersatz ist besser als Ihr eigener nat\u00fcrlicher Zahn! Zahnf\u00fcllungen, Kariesinfiltration mit Icon, Wurzelkanalbehandlung und die Parodontologie.","og_url":"https:\/\/zahnarzt-herth.it\/it\/servizi\/ricostruzione-dentale\/","og_site_name":"Studio Dentistico Dr. med. dent. Daniel Herth","article_modified_time":"2022-03-08T17:18:30+00:00","og_image":[{"width":1440,"height":400,"url":"https:\/\/zahnarzt-herth.it\/wp-content\/uploads\/2021\/12\/dentista-vipiteno.jpg","type":"image\/jpeg"}],"twitter_card":"summary_large_image","twitter_misc":{"Tempo di lettura stimato":"4 minuti"},"schema":{"@context":"https:\/\/schema.org","@graph":[{"@type":"WebPage","@id":"https:\/\/zahnarzt-herth.it\/it\/servizi\/ricostruzione-dentale\/","url":"https:\/\/zahnarzt-herth.it\/it\/servizi\/ricostruzione-dentale\/","name":"Ricostruzione dentale | Studio Dentistico Dr. med. dent. Daniel Herth","isPartOf":{"@id":"https:\/\/zahnarzt-herth.it\/it\/#website"},"datePublished":"2021-12-03T15:24:37+00:00","dateModified":"2022-03-08T17:18:30+00:00","description":"Zahnerhaltung: Kein Ersatz ist besser als Ihr eigener nat\u00fcrlicher Zahn! Zahnf\u00fcllungen, Kariesinfiltration mit Icon, Wurzelkanalbehandlung und die Parodontologie.","breadcrumb":{"@id":"https:\/\/zahnarzt-herth.it\/it\/servizi\/ricostruzione-dentale\/#breadcrumb"},"inLanguage":"it-IT","potentialAction":[{"@type":"ReadAction","target":["https:\/\/zahnarzt-herth.it\/it\/servizi\/ricostruzione-dentale\/"]}]},{"@type":"BreadcrumbList","@id":"https:\/\/zahnarzt-herth.it\/it\/servizi\/ricostruzione-dentale\/#breadcrumb","itemListElement":[{"@type":"ListItem","position":1,"name":"Startseite","item":"https:\/\/zahnarzt-herth.it\/it\/"},{"@type":"ListItem","position":2,"name":"Servizi","item":"https:\/\/zahnarzt-herth.it\/it\/servizi\/"},{"@type":"ListItem","position":3,"name":"Ricostruzione dentale"}]},{"@type":"WebSite","@id":"https:\/\/zahnarzt-herth.it\/it\/#website","url":"https:\/\/zahnarzt-herth.it\/it\/","name":"Studio Dentistico Dr. med. dent. Daniel Herth","description":"Vipiteno, City Center","publisher":{"@id":"https:\/\/zahnarzt-herth.it\/it\/#organization"},"potentialAction":[{"@type":"SearchAction","target":{"@type":"EntryPoint","urlTemplate":"https:\/\/zahnarzt-herth.it\/it\/?s={search_term_string}"},"query-input":"required name=search_term_string"}],"inLanguage":"it-IT"},{"@type":"Organization","@id":"https:\/\/zahnarzt-herth.it\/it\/#organization","name":"Zahnarztpraxis Dr. med. dent. Daniel Herth","url":"https:\/\/zahnarzt-herth.it\/it\/","logo":{"@type":"ImageObject","inLanguage":"it-IT","@id":"https:\/\/zahnarzt-herth.it\/it\/#\/schema\/logo\/image\/","url":"https:\/\/zahnarzt-herth.it\/wp-content\/uploads\/2021\/11\/logo@2x_herth.png","contentUrl":"https:\/\/zahnarzt-herth.it\/wp-content\/uploads\/2021\/11\/logo@2x_herth.png","width":549,"height":150,"caption":"Zahnarztpraxis Dr. med. dent. Daniel Herth"},"image":{"@id":"https:\/\/zahnarzt-herth.it\/it\/#\/schema\/logo\/image\/"}}]}},"_links":{"self":[{"href":"https:\/\/zahnarzt-herth.it\/it\/wp-json\/wp\/v2\/pages\/1298"}],"collection":[{"href":"https:\/\/zahnarzt-herth.it\/it\/wp-json\/wp\/v2\/pages"}],"about":[{"href":"https:\/\/zahnarzt-herth.it\/it\/wp-json\/wp\/v2\/types\/page"}],"author":[{"embeddable":true,"href":"https:\/\/zahnarzt-herth.it\/it\/wp-json\/wp\/v2\/users\/1"}],"replies":[{"embeddable":true,"href":"https:\/\/zahnarzt-herth.it\/it\/wp-json\/wp\/v2\/comments?post=1298"}],"version-history":[{"count":4,"href":"https:\/\/zahnarzt-herth.it\/it\/wp-json\/wp\/v2\/pages\/1298\/revisions"}],"predecessor-version":[{"id":1491,"href":"https:\/\/zahnarzt-herth.it\/it\/wp-json\/wp\/v2\/pages\/1298\/revisions\/1491"}],"up":[{"embeddable":true,"href":"https:\/\/zahnarzt-herth.it\/it\/wp-json\/wp\/v2\/pages\/1270"}],"wp:featuredmedia":[{"embeddable":true,"href":"https:\/\/zahnarzt-herth.it\/it\/wp-json\/wp\/v2\/media\/1073"}],"wp:attachment":[{"href":"https:\/\/zahnarzt-herth.it\/it\/wp-json\/wp\/v2\/media?parent=1298"}],"curies":[{"name":"wp","href":"https:\/\/api.w.org\/{rel}","templated":true}]}}