{"id":1251,"date":"2016-09-28T00:24:10","date_gmt":"2016-09-28T00:24:10","guid":{"rendered":"https:\/\/zahnarzt-herth.it\/team\/"},"modified":"2024-09-12T18:15:22","modified_gmt":"2024-09-12T16:15:22","slug":"team","status":"publish","type":"page","link":"https:\/\/zahnarzt-herth.it\/it\/team\/","title":{"rendered":"Il nostro Team"},"content":{"rendered":"<p>[vc_row full_width=&#8221;0&#8243; full_height=&#8221;0&#8243; row_padding=&#8221;no_padding&#8221; particles=&#8221;0&#8243;][vc_column][vc_empty_space][vc_column_text css=&#8221;.vc_custom_1639758495324{padding-top: 40px !important;padding-right: 40px !important;padding-bottom: 40px !important;padding-left: 40px !important;}&#8221;]<\/p>\n<p style=\"margin: 0cm; margin-bottom: .0001pt; text-align: center;\" align=\"center\"><span lang=\"IT\">Nel nostro nuovo studio all\u2019interno del centro commerciale\u00a0<strong>Vipiteno City Center <\/strong>fornire cure ottimali e personalizzate che garantiscano il benessere e la tranquillit\u00e0 dei nostri pazienti \u00e8 la nostra massima priorit\u00e0.<\/span><\/p>\n<p>[\/vc_column_text][vc_row_inner][vc_column_inner width=&#8221;1\/2&#8243;]<div class=\"team_members_grid row\">\n\n\n    <div class=\"col-sm-6 col-md-6\">\n      <div class=\"team_member teaser_box centered same_height_col secondary_section\">\n\n        <a href=\"#team_profile\" style=\"background-image: url('https:\/\/zahnarzt-herth.it\/wp-content\/uploads\/2021\/11\/daniel-herth-med-dent-1024x769.jpg')\" data-colorset=\"secondary_section\" class=\" figure stretchy_wrapper ratio_1-1\">\n          <img src=\"https:\/\/zahnarzt-herth.it\/wp-content\/uploads\/2021\/11\/daniel-herth-med-dent-1024x769.jpg\" title=\"Daniel Herth\" class=\"hide\" \/>\n        <\/a>\n\n\n        <div class=\"content boxed \">\n\n          <div class=\"hgroup\">\n            <h4>Daniel Herth<\/h4>\n             <p>Dentista<\/p> \n          <\/div>\n\n          <div class=\"team_social\">\n            <a href=\"mailto:daniel@zahnarzt-herth.it\"><i class=\"fa fa fa-envelope\"><\/i><\/a>\n          <\/div>\n\n          <div class=\"desc\">\n            <p><\/p>\n          <\/div>\n\n\n        <\/div>\n\n      <\/div>\n    <\/div>\n\n\n    <div class=\"col-sm-6 col-md-6\">\n      <div class=\"team_member teaser_box centered same_height_col secondary_section\">\n\n        <a href=\"#team_profile\" style=\"background-image: url('https:\/\/zahnarzt-herth.it\/wp-content\/uploads\/2016\/09\/dr-verna-gogl-1024x1024.jpg')\" data-colorset=\"secondary_section\" class=\" figure stretchy_wrapper ratio_1-1\">\n          <img src=\"https:\/\/zahnarzt-herth.it\/wp-content\/uploads\/2016\/09\/dr-verna-gogl-1024x1024.jpg\" title=\"Verena Gogl\" class=\"hide\" \/>\n        <\/a>\n\n\n        <div class=\"content boxed \">\n\n          <div class=\"hgroup\">\n            <h4>Verena Gogl<\/h4>\n             <p>Dentista, specializzazione Ortodonzia<\/p> \n          <\/div>\n\n          <div class=\"team_social\">\n            <a href=\"mailto:verena@zahnarzt-herth.it\"><i class=\"fa fa fa-envelope\"><\/i><\/a>\n          <\/div>\n\n          <div class=\"desc\">\n            <p><\/p>\n          <\/div>\n\n\n        <\/div>\n\n      <\/div>\n    <\/div>\n\n\n<\/div>[\/vc_column_inner][vc_column_inner width=&#8221;1\/2&#8243;]<div class=\"team_members_grid row\">\n\n\n    <div class=\"col-sm-6 col-md-6\">\n      <div class=\"team_member teaser_box centered same_height_col white_section\">\n\n        <a href=\"#team_profile\" style=\"background-image: url('https:\/\/zahnarzt-herth.it\/wp-content\/uploads\/2021\/09\/ProfilBild.jpg')\" data-colorset=\"white_section\" class=\" figure stretchy_wrapper ratio_1-1\">\n          <img src=\"https:\/\/zahnarzt-herth.it\/wp-content\/uploads\/2021\/09\/ProfilBild.jpg\" title=\"Vanessa\" class=\"hide\" \/>\n        <\/a>\n\n\n        <div class=\"content boxed \">\n\n          <div class=\"hgroup\">\n            <h4>Vanessa<\/h4>\n             <p>Zahnarztassistentin<\/p> \n          <\/div>\n\n          <div class=\"team_social\">\n          <\/div>\n\n          <div class=\"desc\">\n            <p><\/p>\n          <\/div>\n\n\n        <\/div>\n\n      <\/div>\n    <\/div>\n\n\n    <div class=\"col-sm-6 col-md-6\">\n      <div class=\"team_member teaser_box centered same_height_col white_section\">\n\n        <a href=\"#team_profile\" style=\"background-image: url('https:\/\/zahnarzt-herth.it\/wp-content\/uploads\/2021\/09\/ProfilBild.jpg')\" data-colorset=\"white_section\" class=\" figure stretchy_wrapper ratio_1-1\">\n          <img src=\"https:\/\/zahnarzt-herth.it\/wp-content\/uploads\/2021\/09\/ProfilBild.jpg\" title=\"Monika\" class=\"hide\" \/>\n        <\/a>\n\n\n        <div class=\"content boxed \">\n\n          <div class=\"hgroup\">\n            <h4>Monika<\/h4>\n             <p>Zahnarztassistentin<\/p> \n          <\/div>\n\n          <div class=\"team_social\">\n          <\/div>\n\n          <div class=\"desc\">\n            <p><\/p>\n          <\/div>\n\n\n        <\/div>\n\n      <\/div>\n    <\/div>\n\n\n<\/div>[\/vc_column_inner][\/vc_row_inner][vc_empty_space]<div class=\"team_members_grid row\">\n\n\n    <div class=\"col-sm-6 col-md-3\">\n      <div class=\"team_member teaser_box centered same_height_col white_section\">\n\n        <a href=\"#team_profile\" style=\"background-image: url('https:\/\/zahnarzt-herth.it\/wp-content\/uploads\/2021\/09\/ProfilBild.jpg')\" data-colorset=\"white_section\" class=\" figure stretchy_wrapper ratio_1-1\">\n          <img src=\"https:\/\/zahnarzt-herth.it\/wp-content\/uploads\/2021\/09\/ProfilBild.jpg\" title=\"Rosi\" class=\"hide\" \/>\n        <\/a>\n\n\n        <div class=\"content boxed \">\n\n          <div class=\"hgroup\">\n            <h4>Rosi<\/h4>\n             <p>Zahnarztassistentin<\/p> \n          <\/div>\n\n          <div class=\"team_social\">\n          <\/div>\n\n          <div class=\"desc\">\n            <p><\/p>\n          <\/div>\n\n\n        <\/div>\n\n      <\/div>\n    <\/div>\n\n\n    <div class=\"col-sm-6 col-md-3\">\n      <div class=\"team_member teaser_box centered same_height_col white_section\">\n\n        <a href=\"#team_profile\" style=\"background-image: url('https:\/\/zahnarzt-herth.it\/wp-content\/uploads\/2021\/09\/ProfilBild.jpg')\" data-colorset=\"white_section\" class=\" figure stretchy_wrapper ratio_1-1\">\n          <img src=\"https:\/\/zahnarzt-herth.it\/wp-content\/uploads\/2021\/09\/ProfilBild.jpg\" title=\"Janina\" class=\"hide\" \/>\n        <\/a>\n\n\n        <div class=\"content boxed \">\n\n          <div class=\"hgroup\">\n            <h4>Janina<\/h4>\n             <p>Auszubildende zur Zahnarztassistentin<\/p> \n          <\/div>\n\n          <div class=\"team_social\">\n          <\/div>\n\n          <div class=\"desc\">\n            <p><\/p>\n          <\/div>\n\n\n        <\/div>\n\n      <\/div>\n    <\/div>\n\n\n    <div class=\"col-sm-6 col-md-3\">\n      <div class=\"team_member teaser_box centered same_height_col white_section\">\n\n        <a href=\"#team_profile\" style=\"background-image: url('https:\/\/zahnarzt-herth.it\/wp-content\/uploads\/2021\/09\/ProfilBild.jpg')\" data-colorset=\"white_section\" class=\" figure stretchy_wrapper ratio_1-1\">\n          <img src=\"https:\/\/zahnarzt-herth.it\/wp-content\/uploads\/2021\/09\/ProfilBild.jpg\" title=\"Angelika\" class=\"hide\" \/>\n        <\/a>\n\n\n        <div class=\"content boxed \">\n\n          <div class=\"hgroup\">\n            <h4>Angelika<\/h4>\n             <p>Zahnarztassistentin<\/p> \n          <\/div>\n\n          <div class=\"team_social\">\n          <\/div>\n\n          <div class=\"desc\">\n            <p><\/p>\n          <\/div>\n\n\n        <\/div>\n\n      <\/div>\n    <\/div>\n\n\n<\/div>[vc_empty_space][\/vc_column][\/vc_row][vc_row full_width=&#8221;0&#8243; full_height=&#8221;0&#8243; row_padding=&#8221;no_padding&#8221; particles=&#8221;0&#8243; css=&#8221;.vc_custom_1467268082811{padding-top: 64px !important;}&#8221; el_id=&#8221;wellbaby&#8221;][vc_column][vc_text_separator title=&#8221;Non vediamo l&#8217;ora di conoscere voi e la vostra famiglia!&#8221;][\/vc_column][vc_column][vc_empty_space][\/vc_column][vc_column el_class=&#8221;col-md-push-6&#8243; margin=&#8221;margin_bottom_grid&#8221; offset=&#8221;vc_col-md-6&#8243;]<div class=\"pl_fixed_ratio_media   vc_custom_1646665226300\">\n    <div class=\"stretchy_wrapper ratio_15-9   bg_vcenter\" style=\"background-image: url('https:\/\/zahnarzt-herth.it\/wp-content\/uploads\/2022\/03\/team-gesamt.jpg');\">\n      <img alt=\"\" src=\"https:\/\/zahnarzt-herth.it\/wp-content\/uploads\/2022\/03\/team-gesamt.jpg\">\n    <\/div>\n\n<\/div>[\/vc_column][vc_column el_class=&#8221;col-md-pull-6&#8243; offset=&#8221;vc_col-md-6&#8243; css=&#8221;.vc_custom_1638896965505{padding-bottom: 64px !important;}&#8221;]<div class=\"section_header subtitle_bottom   fancy text-left\">\n\n    <h3>Dr. med. dent. Daniel Herth<\/h3>\n\n\n        <p >Dentista<\/p>\n<\/div>[vc_column_text]Il mio obiettivo \u00e8 quello di consigliare ogni paziente individualmente e in dettaglio e di eseguire i trattamenti con la massima cura e precisione. Con l&#8217;apertura del mio <a href=\"https:\/\/zahnarzt-herth.it\/it\/studio-dentistico-vipiteno\/\"><strong>studio dentistico a Vipiteno<\/strong><\/a>, ho realizzato il mio sogno personale e sono molto felice di conoscervi e di potervi accompagnare a lungo.<br \/>\nVostro Daniel Herth[\/vc_column_text][vc_single_image image=&#8221;930&#8243; img_size=&#8221;200&#215;39&#8243;][vc_column_text]<strong>Formazione<\/strong>[\/vc_column_text][vc_tta_tabs][vc_tta_section title=&#8221;2022&#8243; tab_id=&#8221;2022&#8243;][vc_column_text]Apertura del proprio studio dentistico nel Vipiteno City Center[\/vc_column_text][\/vc_tta_section][vc_tta_section title=&#8221;2021&#8243; tab_id=&#8221;2021&#8243;][vc_column_text]<\/p>\n<ul>\n<li>Conseguimento della laurea come medico dentista a pieni voti.<\/li>\n<li>Numerosi tirocini clinici svolti durante gli studi in studi dentistici e cliniche specializzate in Austria e Germania<\/li>\n<li>Impiegato in qualit\u00e0 di medico dentista in un rinomato studio dentistico nella Baviera meridionale<\/li>\n<li>Vari corsi di aggiornamento professionale in tema parodontologia, implantologia e ricostruzione dentaleZahnerhaltung<\/li>\n<\/ul>\n<p>[\/vc_column_text][\/vc_tta_section][vc_tta_section title=&#8221;2015-2021&#8243; tab_id=&#8221;2015-2021&#8243;][vc_column_text]Studi di odontoiatria presso la Danube Private University di Krems, Austria[\/vc_column_text][\/vc_tta_section][vc_tta_section title=&#8221;2013-2014&#8243; tab_id=&#8221;2013-2014&#8243;][vc_column_text]Formazione come odontotecnico ad Aschaffenburg e Norimberga, Baviera[\/vc_column_text][\/vc_tta_section][\/vc_tta_tabs][\/vc_column][\/vc_row][vc_row disable_element=&#8221;yes&#8221; full_width=&#8221;0&#8243; full_height=&#8221;0&#8243; row_padding=&#8221;no_padding&#8221; particles=&#8221;0&#8243; css=&#8221;.vc_custom_1638896554923{padding-top: 64px !important;padding-bottom: 64px !important;}&#8221; el_id=&#8221;verena-gogl&#8221;][vc_column margin=&#8221;margin_bottom_grid&#8221; offset=&#8221;vc_col-md-6&#8243;]<div class=\"pl_fixed_ratio_media   vc_custom_1638388902970\">\n\n<\/div>[\/vc_column][vc_column offset=&#8221;vc_col-md-6&#8243;]<div class=\"section_header subtitle_bottom   fancy text-left\">\n\n    <h3>Verena Gogl<\/h3>\n\n\n        <p >Mitarbeiterin<\/p>\n<\/div>[vc_column_text]Sed lobortis turpis quis ante lacinia faucibus. Ut ullamcorper eu ipsum in porttitor. Aenean aliquam, lorem vitae efficitur maximus, neque turpis tincidunt odio, et fermentum erat erat nec orci. Vivamus hendrerit lorem eu ligula pellentesque, a feugiat nunc tristique. Sed sit amet aliquam lorem, nec tempor diam. Pellentesque eu augue nec metus pharetra pretium sit amet quis magna. Maecenas sed consequat odio. Mauris bibendum nisl sit amet.[\/vc_column_text]<div class=\"plethora_button wpb_content_element   text-left \">\n    <a href=\"#\" debug class=\" btn btn-primary  \" title=\"\"  target=\"_self\">\n\n        \n        Mehr zu Verena Gogl\n        \n\n    <\/a>\n<\/div>[\/vc_column][\/vc_row][vc_row disable_element=&#8221;yes&#8221; full_width=&#8221;0&#8243; full_height=&#8221;0&#8243; row_padding=&#8221;no_padding&#8221; particles=&#8221;0&#8243; css=&#8221;.vc_custom_1638388298325{padding-top: 64px !important;padding-bottom: 64px !important;}&#8221; el_id=&#8221;allergies&#8221;][vc_column el_class=&#8221;col-md-push-6&#8243; margin=&#8221;margin_bottom_grid&#8221; offset=&#8221;vc_col-md-6&#8243;]<div class=\"pl_fixed_ratio_media   vc_custom_1475164919604\">\n\n<\/div>[\/vc_column][vc_column el_class=&#8221;col-md-pull-6&#8243; offset=&#8221;vc_col-md-6&#8243;]<div class=\"section_header subtitle_bottom   fancy text-left\">\n\n    <h3>Lawrence Martinez<\/h3>\n\n\n        <p >Dentist, oral surgeon, DMD<\/p>\n<\/div>[vc_column_text]Sed lobortis turpis quis ante lacinia faucibus. Ut ullamcorper eu ipsum in porttitor. Aenean aliquam, lorem vitae efficitur maximus, neque turpis tincidunt odio, et fermentum erat erat nec orci. Vivamus hendrerit lorem eu ligula pellentesque, a feugiat nunc tristique. Sed sit amet aliquam lorem, nec tempor diam. Pellentesque eu augue nec metus pharetra pretium sit amet quis magna. Maecenas sed consequat odio. Mauris bibendum nisl sit amet.[\/vc_column_text]<div class=\"plethora_button wpb_content_element   text-left \">\n    <a href=\"http:\/\/plethorathemes.com\/healthflex\/dentist\/profile\/lawrence-martinez\/\" debug class=\" btn btn-primary  \" title=\"\"  target=\"_self\">\n\n        \n        Learn more\n        \n\n    <\/a>\n<\/div>[\/vc_column][\/vc_row][vc_row color_set=&#8221;skincolored_section&#8221; full_width=&#8221;0&#8243; full_height=&#8221;0&#8243; row_padding=&#8221;no_padding&#8221; sep_top=&#8221;separator_top sep_angled_negative_top&#8221; particles=&#8221;0&#8243;][vc_column][vc_empty_space][vc_single_image image=&#8221;77&#8243; alignment=&#8221;center&#8221;]<div class=\"section_header subtitle_bottom   fancy text-center\">\n\n    <h2 style=\"text-align: center;\">Prendetevi il tempo di fare la nostra conoscenza.<br \/>\nFissate il vostro primo appuntamento<\/h2>\n\n\n        <p >Ci trovate all\u2019interno del centro commerciale Vipiteno City Center. Scriveteci o chiamateci!<\/p>\n<\/div><div class=\"plethora_button wpb_content_element   text-center \">\n    <a href=\"https:\/\/zahnarzt-herth.it\/it\/contatti\/\" debug class=\" btn btn-warning with-icon icon-left\" title=\"Contatti\"  target=\"_self\">\n\n         <i class=\"fa fa-map-marker\"><\/i> \n        CONTATTI E INDICAZIONI PER RAGGIUNGERCI\n        \n\n    <\/a>\n<\/div>[vc_empty_space][\/vc_column][\/vc_row]<\/p>\n","protected":false},"excerpt":{"rendered":"<p>[vc_row full_width=&#8221;0&#8243; full_height=&#8221;0&#8243; row_padding=&#8221;no_padding&#8221; particles=&#8221;0&#8243;][vc_column][vc_empty_space][vc_column_text css=&#8221;.vc_custom_1639758495324{padding-top: 40px !important;padding-right: 40px !important;padding-bottom: 40px !important;padding-left: 40px !important;}&#8221;] Nel nostro nuovo studio all\u2019interno del centro commerciale\u00a0Vipiteno City Center fornire cure ottimali e personalizzate che garantiscano il benessere e la tranquillit\u00e0 dei nostri pazienti \u00e8 la nostra massima priorit\u00e0. [\/vc_column_text][vc_row_inner][vc_column_inner width=&#8221;1\/2&#8243;][\/vc_column_inner][vc_column_inner width=&#8221;1\/2&#8243;][\/vc_column_inner][\/vc_row_inner][vc_empty_space][vc_empty_space][\/vc_column][\/vc_row][vc_row full_width=&#8221;0&#8243; full_height=&#8221;0&#8243; row_padding=&#8221;no_padding&#8221; particles=&#8221;0&#8243; css=&#8221;.vc_custom_1467268082811{padding-top: 64px !important;}&#8221; el_id=&#8221;wellbaby&#8221;][vc_column][vc_text_separator [&hellip;]<\/p>\n","protected":false},"author":1,"featured_media":957,"parent":0,"menu_order":0,"comment_status":"closed","ping_status":"closed","template":"","meta":[],"yoast_head":"<!-- This site is optimized with the Yoast SEO plugin v20.7 - https:\/\/yoast.com\/wordpress\/plugins\/seo\/ -->\n<title>Il nostro Team | Studio Dentistico Dr. med. dent. Daniel Herth<\/title>\n<meta name=\"robots\" content=\"index, follow, max-snippet:-1, max-image-preview:large, max-video-preview:-1\" \/>\n<link rel=\"canonical\" href=\"https:\/\/zahnarzt-herth.it\/it\/team\/\" \/>\n<meta property=\"og:locale\" content=\"it_IT\" \/>\n<meta property=\"og:type\" content=\"article\" \/>\n<meta property=\"og:title\" content=\"Il nostro Team | Studio Dentistico Dr. med. dent. Daniel Herth\" \/>\n<meta property=\"og:description\" content=\"[vc_row full_width=&#8221;0&#8243; full_height=&#8221;0&#8243; row_padding=&#8221;no_padding&#8221; particles=&#8221;0&#8243;][vc_column][vc_empty_space][vc_column_text css=&#8221;.vc_custom_1639758495324{padding-top: 40px !important;padding-right: 40px !important;padding-bottom: 40px !important;padding-left: 40px !important;}&#8221;] Nel nostro nuovo studio all\u2019interno del centro commerciale\u00a0Vipiteno City Center fornire cure ottimali e personalizzate che garantiscano il benessere e la tranquillit\u00e0 dei nostri pazienti \u00e8 la nostra massima priorit\u00e0. [\/vc_column_text][vc_row_inner][vc_column_inner width=&#8221;1\/2&#8243;][\/vc_column_inner][vc_column_inner width=&#8221;1\/2&#8243;][\/vc_column_inner][\/vc_row_inner][vc_empty_space][vc_empty_space][\/vc_column][\/vc_row][vc_row full_width=&#8221;0&#8243; full_height=&#8221;0&#8243; row_padding=&#8221;no_padding&#8221; particles=&#8221;0&#8243; css=&#8221;.vc_custom_1467268082811{padding-top: 64px !important;}&#8221; el_id=&#8221;wellbaby&#8221;][vc_column][vc_text_separator [&hellip;]\" \/>\n<meta property=\"og:url\" content=\"https:\/\/zahnarzt-herth.it\/it\/team\/\" \/>\n<meta property=\"og:site_name\" content=\"Studio Dentistico Dr. med. dent. Daniel Herth\" \/>\n<meta property=\"article:modified_time\" content=\"2024-09-12T16:15:22+00:00\" \/>\n<meta property=\"og:image\" content=\"https:\/\/zahnarzt-herth.it\/wp-content\/uploads\/2021\/12\/zahnbuersten.jpg\" \/>\n\t<meta property=\"og:image:width\" content=\"1200\" \/>\n\t<meta property=\"og:image:height\" content=\"800\" \/>\n\t<meta property=\"og:image:type\" content=\"image\/jpeg\" \/>\n<meta name=\"twitter:card\" content=\"summary_large_image\" \/>\n<meta name=\"twitter:label1\" content=\"Tempo di lettura stimato\" \/>\n\t<meta name=\"twitter:data1\" content=\"5 minuti\" \/>\n<script type=\"application\/ld+json\" class=\"yoast-schema-graph\">{\"@context\":\"https:\/\/schema.org\",\"@graph\":[{\"@type\":\"WebPage\",\"@id\":\"https:\/\/zahnarzt-herth.it\/it\/team\/\",\"url\":\"https:\/\/zahnarzt-herth.it\/it\/team\/\",\"name\":\"Il nostro Team | Studio Dentistico Dr. med. dent. Daniel Herth\",\"isPartOf\":{\"@id\":\"https:\/\/zahnarzt-herth.it\/it\/#website\"},\"datePublished\":\"2016-09-28T00:24:10+00:00\",\"dateModified\":\"2024-09-12T16:15:22+00:00\",\"breadcrumb\":{\"@id\":\"https:\/\/zahnarzt-herth.it\/it\/team\/#breadcrumb\"},\"inLanguage\":\"it-IT\",\"potentialAction\":[{\"@type\":\"ReadAction\",\"target\":[\"https:\/\/zahnarzt-herth.it\/it\/team\/\"]}]},{\"@type\":\"BreadcrumbList\",\"@id\":\"https:\/\/zahnarzt-herth.it\/it\/team\/#breadcrumb\",\"itemListElement\":[{\"@type\":\"ListItem\",\"position\":1,\"name\":\"Startseite\",\"item\":\"https:\/\/zahnarzt-herth.it\/it\/\"},{\"@type\":\"ListItem\",\"position\":2,\"name\":\"Il nostro Team\"}]},{\"@type\":\"WebSite\",\"@id\":\"https:\/\/zahnarzt-herth.it\/it\/#website\",\"url\":\"https:\/\/zahnarzt-herth.it\/it\/\",\"name\":\"Studio Dentistico Dr. med. dent. Daniel Herth\",\"description\":\"Vipiteno, City Center\",\"publisher\":{\"@id\":\"https:\/\/zahnarzt-herth.it\/it\/#organization\"},\"potentialAction\":[{\"@type\":\"SearchAction\",\"target\":{\"@type\":\"EntryPoint\",\"urlTemplate\":\"https:\/\/zahnarzt-herth.it\/it\/?s={search_term_string}\"},\"query-input\":\"required name=search_term_string\"}],\"inLanguage\":\"it-IT\"},{\"@type\":\"Organization\",\"@id\":\"https:\/\/zahnarzt-herth.it\/it\/#organization\",\"name\":\"Zahnarztpraxis Dr. med. dent. Daniel Herth\",\"url\":\"https:\/\/zahnarzt-herth.it\/it\/\",\"logo\":{\"@type\":\"ImageObject\",\"inLanguage\":\"it-IT\",\"@id\":\"https:\/\/zahnarzt-herth.it\/it\/#\/schema\/logo\/image\/\",\"url\":\"https:\/\/zahnarzt-herth.it\/wp-content\/uploads\/2021\/11\/logo@2x_herth.png\",\"contentUrl\":\"https:\/\/zahnarzt-herth.it\/wp-content\/uploads\/2021\/11\/logo@2x_herth.png\",\"width\":549,\"height\":150,\"caption\":\"Zahnarztpraxis Dr. med. dent. Daniel Herth\"},\"image\":{\"@id\":\"https:\/\/zahnarzt-herth.it\/it\/#\/schema\/logo\/image\/\"}}]}<\/script>\n<!-- \/ Yoast SEO plugin. -->","yoast_head_json":{"title":"Il nostro Team | Studio Dentistico Dr. med. dent. Daniel Herth","robots":{"index":"index","follow":"follow","max-snippet":"max-snippet:-1","max-image-preview":"max-image-preview:large","max-video-preview":"max-video-preview:-1"},"canonical":"https:\/\/zahnarzt-herth.it\/it\/team\/","og_locale":"it_IT","og_type":"article","og_title":"Il nostro Team | Studio Dentistico Dr. med. dent. Daniel Herth","og_description":"[vc_row full_width=&#8221;0&#8243; full_height=&#8221;0&#8243; row_padding=&#8221;no_padding&#8221; particles=&#8221;0&#8243;][vc_column][vc_empty_space][vc_column_text css=&#8221;.vc_custom_1639758495324{padding-top: 40px !important;padding-right: 40px !important;padding-bottom: 40px !important;padding-left: 40px !important;}&#8221;] Nel nostro nuovo studio all\u2019interno del centro commerciale\u00a0Vipiteno City Center fornire cure ottimali e personalizzate che garantiscano il benessere e la tranquillit\u00e0 dei nostri pazienti \u00e8 la nostra massima priorit\u00e0. [\/vc_column_text][vc_row_inner][vc_column_inner width=&#8221;1\/2&#8243;][\/vc_column_inner][vc_column_inner width=&#8221;1\/2&#8243;][\/vc_column_inner][\/vc_row_inner][vc_empty_space][vc_empty_space][\/vc_column][\/vc_row][vc_row full_width=&#8221;0&#8243; full_height=&#8221;0&#8243; row_padding=&#8221;no_padding&#8221; particles=&#8221;0&#8243; css=&#8221;.vc_custom_1467268082811{padding-top: 64px !important;}&#8221; el_id=&#8221;wellbaby&#8221;][vc_column][vc_text_separator [&hellip;]","og_url":"https:\/\/zahnarzt-herth.it\/it\/team\/","og_site_name":"Studio Dentistico Dr. med. dent. Daniel Herth","article_modified_time":"2024-09-12T16:15:22+00:00","og_image":[{"width":1200,"height":800,"url":"https:\/\/zahnarzt-herth.it\/wp-content\/uploads\/2021\/12\/zahnbuersten.jpg","type":"image\/jpeg"}],"twitter_card":"summary_large_image","twitter_misc":{"Tempo di lettura stimato":"5 minuti"},"schema":{"@context":"https:\/\/schema.org","@graph":[{"@type":"WebPage","@id":"https:\/\/zahnarzt-herth.it\/it\/team\/","url":"https:\/\/zahnarzt-herth.it\/it\/team\/","name":"Il nostro Team | Studio Dentistico Dr. med. dent. Daniel Herth","isPartOf":{"@id":"https:\/\/zahnarzt-herth.it\/it\/#website"},"datePublished":"2016-09-28T00:24:10+00:00","dateModified":"2024-09-12T16:15:22+00:00","breadcrumb":{"@id":"https:\/\/zahnarzt-herth.it\/it\/team\/#breadcrumb"},"inLanguage":"it-IT","potentialAction":[{"@type":"ReadAction","target":["https:\/\/zahnarzt-herth.it\/it\/team\/"]}]},{"@type":"BreadcrumbList","@id":"https:\/\/zahnarzt-herth.it\/it\/team\/#breadcrumb","itemListElement":[{"@type":"ListItem","position":1,"name":"Startseite","item":"https:\/\/zahnarzt-herth.it\/it\/"},{"@type":"ListItem","position":2,"name":"Il nostro Team"}]},{"@type":"WebSite","@id":"https:\/\/zahnarzt-herth.it\/it\/#website","url":"https:\/\/zahnarzt-herth.it\/it\/","name":"Studio Dentistico Dr. med. dent. Daniel Herth","description":"Vipiteno, City Center","publisher":{"@id":"https:\/\/zahnarzt-herth.it\/it\/#organization"},"potentialAction":[{"@type":"SearchAction","target":{"@type":"EntryPoint","urlTemplate":"https:\/\/zahnarzt-herth.it\/it\/?s={search_term_string}"},"query-input":"required name=search_term_string"}],"inLanguage":"it-IT"},{"@type":"Organization","@id":"https:\/\/zahnarzt-herth.it\/it\/#organization","name":"Zahnarztpraxis Dr. med. dent. Daniel Herth","url":"https:\/\/zahnarzt-herth.it\/it\/","logo":{"@type":"ImageObject","inLanguage":"it-IT","@id":"https:\/\/zahnarzt-herth.it\/it\/#\/schema\/logo\/image\/","url":"https:\/\/zahnarzt-herth.it\/wp-content\/uploads\/2021\/11\/logo@2x_herth.png","contentUrl":"https:\/\/zahnarzt-herth.it\/wp-content\/uploads\/2021\/11\/logo@2x_herth.png","width":549,"height":150,"caption":"Zahnarztpraxis Dr. med. dent. Daniel Herth"},"image":{"@id":"https:\/\/zahnarzt-herth.it\/it\/#\/schema\/logo\/image\/"}}]}},"_links":{"self":[{"href":"https:\/\/zahnarzt-herth.it\/it\/wp-json\/wp\/v2\/pages\/1251"}],"collection":[{"href":"https:\/\/zahnarzt-herth.it\/it\/wp-json\/wp\/v2\/pages"}],"about":[{"href":"https:\/\/zahnarzt-herth.it\/it\/wp-json\/wp\/v2\/types\/page"}],"author":[{"embeddable":true,"href":"https:\/\/zahnarzt-herth.it\/it\/wp-json\/wp\/v2\/users\/1"}],"replies":[{"embeddable":true,"href":"https:\/\/zahnarzt-herth.it\/it\/wp-json\/wp\/v2\/comments?post=1251"}],"version-history":[{"count":10,"href":"https:\/\/zahnarzt-herth.it\/it\/wp-json\/wp\/v2\/pages\/1251\/revisions"}],"predecessor-version":[{"id":1582,"href":"https:\/\/zahnarzt-herth.it\/it\/wp-json\/wp\/v2\/pages\/1251\/revisions\/1582"}],"wp:featuredmedia":[{"embeddable":true,"href":"https:\/\/zahnarzt-herth.it\/it\/wp-json\/wp\/v2\/media\/957"}],"wp:attachment":[{"href":"https:\/\/zahnarzt-herth.it\/it\/wp-json\/wp\/v2\/media?parent=1251"}],"curies":[{"name":"wp","href":"https:\/\/api.w.org\/{rel}","templated":true}]}}